{"id":9,"date":"2010-03-30T12:03:38","date_gmt":"2010-03-30T12:03:38","guid":{"rendered":"http:\/\/www.psh-netz.de\/?page_id=9"},"modified":"2016-06-20T19:55:23","modified_gmt":"2016-06-20T17:55:23","slug":"bartutorium","status":"publish","type":"page","link":"https:\/\/mrh-netz.de\/en\/selbstverwaltung\/tutorien\/bartutorium\/","title":{"rendered":"[:de]Bartutorium[:en]Bar Tutors[:]"},"content":{"rendered":"<p>[:de]Wir haben im Wohnheim eine eigene Bar mit Tanzfl\u00e4che, Kicker und Billardtisch. Wir organisieren dort regelm\u00e4\u00dfig verschiedene Partys und Veranstaltungen. Schau gerne vorbei! Wir freuen uns auf dich!<\/p>\n<p>Au\u00dferdem kann die Bar von BewohnerInnen des PSH f\u00fcr Partys (Geburtstag, besondere Anl\u00e4sse) am Wochenende gemietet werden. Diese Partys m\u00fcssen jedoch heim\u00f6ffentlich sein. Wenn ihr die Bar mieten wollt, meldet euch bei uns.<\/p>\n<p>&nbsp;[:en]The dorm has it&#8217;s own bar including a dance floor, tabletop soccer and pool table. The\u00a0<em>Bar Tutors<\/em> organize the regular events.<\/p>\n<p>You can also rent the bar for your own parties as long as they are open to all students in our dorm. If you want to rent the bar, just contact the bar tutors.[:]<\/p>\n","protected":false},"excerpt":{"rendered":"<p>[:de]Wir haben im Wohnheim eine eigene Bar mit Tanzfl\u00e4che, Kicker und Billardtisch. Wir organisieren dort regelm\u00e4\u00dfig verschiedene Partys und Veranstaltungen. Schau gerne vorbei! Wir freuen uns auf dich! Au\u00dferdem kann die Bar von BewohnerInnen des PSH f\u00fcr Partys (Geburtstag, besondere Anl\u00e4sse) am Wochenende gemietet werden. Diese Partys m\u00fcssen jedoch heim\u00f6ffentlich sein. Wenn ihr die Bar [&hellip;]<\/p>\n","protected":false},"author":15,"featured_media":0,"parent":14,"menu_order":0,"comment_status":"closed","ping_status":"open","template":"","meta":{"footnotes":""},"class_list":["post-9","page","type-page","status-publish","hentry"],"post_mailing_queue_ids":[],"_links":{"self":[{"href":"https:\/\/mrh-netz.de\/en\/wp-json\/wp\/v2\/pages\/9","targetHints":{"allow":["GET"]}}],"collection":[{"href":"https:\/\/mrh-netz.de\/en\/wp-json\/wp\/v2\/pages"}],"about":[{"href":"https:\/\/mrh-netz.de\/en\/wp-json\/wp\/v2\/types\/page"}],"author":[{"embeddable":true,"href":"https:\/\/mrh-netz.de\/en\/wp-json\/wp\/v2\/users\/15"}],"replies":[{"embeddable":true,"href":"https:\/\/mrh-netz.de\/en\/wp-json\/wp\/v2\/comments?post=9"}],"version-history":[{"count":22,"href":"https:\/\/mrh-netz.de\/en\/wp-json\/wp\/v2\/pages\/9\/revisions"}],"predecessor-version":[{"id":774,"href":"https:\/\/mrh-netz.de\/en\/wp-json\/wp\/v2\/pages\/9\/revisions\/774"}],"up":[{"embeddable":true,"href":"https:\/\/mrh-netz.de\/en\/wp-json\/wp\/v2\/pages\/14"}],"wp:attachment":[{"href":"https:\/\/mrh-netz.de\/en\/wp-json\/wp\/v2\/media?parent=9"}],"curies":[{"name":"wp","href":"https:\/\/api.w.org\/{rel}","templated":true}]}}