{"id":32,"date":"2010-03-30T12:10:51","date_gmt":"2010-03-30T12:10:51","guid":{"rendered":"http:\/\/www.psh-netz.de\/?page_id=32"},"modified":"2024-07-14T17:07:43","modified_gmt":"2024-07-14T15:07:43","slug":"protektoren","status":"publish","type":"page","link":"https:\/\/mrh-netz.de\/en\/das-haus\/protektoren\/","title":{"rendered":"Protectors"},"content":{"rendered":"<p><span style=\"line-height: 1.5;\">Die ProtektorInnen&nbsp;sind AnsprechpartnerInnen bei verschiedensten Problemen. Sie helfen bei Streitereien mit dem Studierendenwerk, bei Problemen mit dem BAf\u00f6G oder auch bei Problemen innerhalb der Flurgemeinschaften. Sie sind Berater f\u00fcr den Heimrat, da sie im Gegensatz zu den BewohnerInnen den Heimrat \u00fcber l\u00e4ngere Zeit begleiten.<\/span><\/p>\n\n\n\n<p><span style=\"line-height: 1.5;\">Sie sind eine neutrale Partei zwischen der studentischen Selbstverwaltung und dem Studierendenwerk. Sie sind Mitglieder im Hausaufnahmeausschuss und dem Zentralen Aufnahmeausschuss. Diese entscheiden \u00fcber Wohnzeitverl\u00e4ngerungsantr\u00e4ge.<\/span><\/p>\n\n\n\n<p>You can find their contact information in the <a href=\"https:\/\/mrh-netz.de\/en\/intern\/\" data-type=\"page\" data-id=\"460\">internal section<\/a>.<\/p>","protected":false},"excerpt":{"rendered":"<p>Die ProtektorInnen&nbsp;sind AnsprechpartnerInnen bei verschiedensten Problemen. Sie helfen bei Streitereien mit dem Studierendenwerk, bei Problemen mit dem BAf\u00f6G oder auch bei Problemen innerhalb der Flurgemeinschaften. Sie sind Berater f\u00fcr den Heimrat, da sie im Gegensatz zu den BewohnerInnen den Heimrat \u00fcber l\u00e4ngere Zeit begleiten. Sie sind eine neutrale Partei zwischen der studentischen Selbstverwaltung und dem [&hellip;]<\/p>\n","protected":false},"author":15,"featured_media":0,"parent":29,"menu_order":0,"comment_status":"closed","ping_status":"open","template":"","meta":{"footnotes":""},"class_list":["post-32","page","type-page","status-publish","hentry"],"post_mailing_queue_ids":[],"_links":{"self":[{"href":"https:\/\/mrh-netz.de\/en\/wp-json\/wp\/v2\/pages\/32","targetHints":{"allow":["GET"]}}],"collection":[{"href":"https:\/\/mrh-netz.de\/en\/wp-json\/wp\/v2\/pages"}],"about":[{"href":"https:\/\/mrh-netz.de\/en\/wp-json\/wp\/v2\/types\/page"}],"author":[{"embeddable":true,"href":"https:\/\/mrh-netz.de\/en\/wp-json\/wp\/v2\/users\/15"}],"replies":[{"embeddable":true,"href":"https:\/\/mrh-netz.de\/en\/wp-json\/wp\/v2\/comments?post=32"}],"version-history":[{"count":16,"href":"https:\/\/mrh-netz.de\/en\/wp-json\/wp\/v2\/pages\/32\/revisions"}],"predecessor-version":[{"id":1070,"href":"https:\/\/mrh-netz.de\/en\/wp-json\/wp\/v2\/pages\/32\/revisions\/1070"}],"up":[{"embeddable":true,"href":"https:\/\/mrh-netz.de\/en\/wp-json\/wp\/v2\/pages\/29"}],"wp:attachment":[{"href":"https:\/\/mrh-netz.de\/en\/wp-json\/wp\/v2\/media?parent=32"}],"curies":[{"name":"wp","href":"https:\/\/api.w.org\/{rel}","templated":true}]}}