{"id":29,"date":"2010-03-30T12:10:26","date_gmt":"2010-03-30T10:10:26","guid":{"rendered":"http:\/\/www.psh-netz.de\/?page_id=29"},"modified":"2024-07-14T17:03:06","modified_gmt":"2024-07-14T15:03:06","slug":"das-haus","status":"publish","type":"page","link":"https:\/\/mrh-netz.de\/en\/das-haus\/","title":{"rendered":"The House"},"content":{"rendered":"<p><strong><span class=\"h2\">DORMITORY Margaretha-Rothe-Haus<\/span><\/strong><br \/>\nBarmbeker Stra\u00dfe 64 \/ Wiesendamm 135<br \/>\n22303 Hamburg<br \/>\nTelefon: +49 \/ 40 \/ 279 00 50<br \/>\nFax: +49 \/ 40 \/ 279 00 59<\/p>\n<p><strong>Directions\/transport connections:<br \/>\n<\/strong>U3 Borgweg<\/p>\n<p style=\"text-align: justify;\" class=\"translation-block\">The dormitory <strong><span class=\"h2\">Margaretha-Rothe-Haus<\/span><\/strong> consists of four Houses (A,B,C,D) and is located near the Stadtpark. You can reach the next subway Station Borgweg by foot in 3 minutes and the University of Hamburg in around 10 minutes by train.<\/p>\n<p style=\"text-align: justify;\">Es gibt insgesamt 470 Einzelzimmer. 451 Zimmer haben eine Gr\u00f6\u00dfe von ca. 11 qm. Au\u00dferdem gibt es 19 gro\u00dfe Zimmer, die ca. 20 qm gro\u00df sind und intern an Interessenten vergeben werden. Die Zimmer sind m\u00f6bliert und haben ein Waschbecken. Alle Zimmer verf\u00fcgen \u00fcber einen Internet-, Telefon- und Kabel-TV-anschluss.<\/p>\n<p style=\"text-align: justify;\">Innerhalb der Flurgemeinscheiften teilen sich die BewohnerInnen komplett ausgestattete Gemeinschaftsk\u00fcchen. Stellpl\u00e4tze f\u00fcr Kfz, Motorr\u00e4der und Fahrr\u00e4der sind vorhanden. In der zweist\u00f6ckigen Bar mit Billardtisch und Kicker, finden regelm\u00e4\u00dfige Veranstaltungen statt. Au\u00dferdem k\u00f6nnen alle BewohnerInnen die Sporthalle, den Kraftraum, die Tischtennishalle (zur Zeit leider nicht nutzbar), die Fahrradwerkstatt, das Fotolabor (zur Zeit leider nicht nutzbar), den Beamerraum (zur Zeit leider nicht nutzbar) und die Musik\u00fcber\u00e4ume nutzen. Zu Fahrten in den nahegelegenen Kan\u00e4len laden die von der studentischen Selbstverwaltung angeschafften Kanus ein.<\/p>","protected":false},"excerpt":{"rendered":"<p>WOHNANLAGE Margaretha-Rothe-Haus Barmbeker Stra\u00dfe 64 \/ Wiesendamm 135 22303 Hamburg Telefon: +49 \/ 40 \/ 279 00 50 Fax: +49 \/ 40 \/ 279 00 59 Anfahrt\/Verkehrsanbindung: U3 Borgweg Die Wohnanlage Margaretha-Rothe-Haus besteht aus vier H\u00e4usern (A, B, C, D) und befindet sich in unmittelbarer N\u00e4he des Hamburger Stadtparks, in zentraler Lage. Man braucht ca. [&hellip;]<\/p>\n","protected":false},"author":15,"featured_media":0,"parent":0,"menu_order":1,"comment_status":"closed","ping_status":"closed","template":"","meta":{"footnotes":""},"class_list":["post-29","page","type-page","status-publish","hentry"],"post_mailing_queue_ids":[],"_links":{"self":[{"href":"https:\/\/mrh-netz.de\/en\/wp-json\/wp\/v2\/pages\/29","targetHints":{"allow":["GET"]}}],"collection":[{"href":"https:\/\/mrh-netz.de\/en\/wp-json\/wp\/v2\/pages"}],"about":[{"href":"https:\/\/mrh-netz.de\/en\/wp-json\/wp\/v2\/types\/page"}],"author":[{"embeddable":true,"href":"https:\/\/mrh-netz.de\/en\/wp-json\/wp\/v2\/users\/15"}],"replies":[{"embeddable":true,"href":"https:\/\/mrh-netz.de\/en\/wp-json\/wp\/v2\/comments?post=29"}],"version-history":[{"count":13,"href":"https:\/\/mrh-netz.de\/en\/wp-json\/wp\/v2\/pages\/29\/revisions"}],"predecessor-version":[{"id":1069,"href":"https:\/\/mrh-netz.de\/en\/wp-json\/wp\/v2\/pages\/29\/revisions\/1069"}],"wp:attachment":[{"href":"https:\/\/mrh-netz.de\/en\/wp-json\/wp\/v2\/media?parent=29"}],"curies":[{"name":"wp","href":"https:\/\/api.w.org\/{rel}","templated":true}]}}