{"id":14,"date":"2010-03-30T12:06:25","date_gmt":"2010-03-30T12:06:25","guid":{"rendered":"http:\/\/www.psh-netz.de\/?page_id=14"},"modified":"2022-05-26T16:50:20","modified_gmt":"2022-05-26T14:50:20","slug":"tutorien","status":"publish","type":"page","link":"https:\/\/mrh-netz.de\/en\/selbstverwaltung\/tutorien\/","title":{"rendered":"Dorm Council"},"content":{"rendered":"<p>Der Heimrat ist die Interessensvertretung von dir und allen BewohnerInnen des Hauses. Ihr w\u00e4hlt die Mitglieder in der Heimausschusssitzung in den Heimrat. Dieser Ausschuss findet zu Beginn jedes Semesters statt. Alle zwei Wochen (in der vorlesungsfreien Zeit alle drei Wochen) treffen sich die Tutorien, die Heimratsmitglieder, die ProtektorInnen, sowie Interessierte zur Heimratssitzung. Dort werden alle wichtigen Dinge, die das Wohnheim betreffen, besprochen. Auch k\u00f6nnen stellvertretend f\u00fcr alle BewohnerInnen Beschl\u00fcsse, bspw. \u00fcber Ausgaben f\u00fcr das Wohnheim, getroffen werden. Die Sitzungen sind immer heim\u00f6ffentlich, d.h. alle BewohnerInnen sind herzlich zur Sitzung eingeladen. Hast du Ideen, ein Anliegen oder willst einfach mal vorbeischauen? Wann die n\u00e4chste Heimratsstizung stattfindet&nbsp;erf\u00e4hrst du&nbsp;in den Glask\u00e4sten oder auf Anfrage beim Heimrat.<\/p>\n\n\n\n<p>Information on how to contact the respective members of the home council is found in the internal area.<\/p>","protected":false},"excerpt":{"rendered":"<p>Der Heimrat ist die Interessensvertretung von dir und allen BewohnerInnen des Hauses. Ihr w\u00e4hlt die Mitglieder in der Heimausschusssitzung in den Heimrat. Dieser Ausschuss findet zu Beginn jedes Semesters statt. Alle zwei Wochen (in der vorlesungsfreien Zeit alle drei Wochen) treffen sich die Tutorien, die Heimratsmitglieder, die ProtektorInnen, sowie Interessierte zur Heimratssitzung. Dort werden alle [&hellip;]<\/p>\n","protected":false},"author":15,"featured_media":0,"parent":396,"menu_order":20,"comment_status":"closed","ping_status":"open","template":"","meta":{"footnotes":""},"class_list":["post-14","page","type-page","status-publish","hentry"],"post_mailing_queue_ids":[],"_links":{"self":[{"href":"https:\/\/mrh-netz.de\/en\/wp-json\/wp\/v2\/pages\/14","targetHints":{"allow":["GET"]}}],"collection":[{"href":"https:\/\/mrh-netz.de\/en\/wp-json\/wp\/v2\/pages"}],"about":[{"href":"https:\/\/mrh-netz.de\/en\/wp-json\/wp\/v2\/types\/page"}],"author":[{"embeddable":true,"href":"https:\/\/mrh-netz.de\/en\/wp-json\/wp\/v2\/users\/15"}],"replies":[{"embeddable":true,"href":"https:\/\/mrh-netz.de\/en\/wp-json\/wp\/v2\/comments?post=14"}],"version-history":[{"count":13,"href":"https:\/\/mrh-netz.de\/en\/wp-json\/wp\/v2\/pages\/14\/revisions"}],"predecessor-version":[{"id":1004,"href":"https:\/\/mrh-netz.de\/en\/wp-json\/wp\/v2\/pages\/14\/revisions\/1004"}],"up":[{"embeddable":true,"href":"https:\/\/mrh-netz.de\/en\/wp-json\/wp\/v2\/pages\/396"}],"wp:attachment":[{"href":"https:\/\/mrh-netz.de\/en\/wp-json\/wp\/v2\/media?parent=14"}],"curies":[{"name":"wp","href":"https:\/\/api.w.org\/{rel}","templated":true}]}}