{"id":1030,"date":"2023-03-01T14:18:34","date_gmt":"2023-03-01T13:18:34","guid":{"rendered":"https:\/\/www.mrh-netz.de\/?page_id=1030"},"modified":"2024-06-25T11:58:40","modified_gmt":"2024-06-25T09:58:40","slug":"kreativwerkstatt","status":"publish","type":"page","link":"https:\/\/mrh-netz.de\/en\/weiteres\/kreativwerkstatt\/","title":{"rendered":"Kreativwerkstatt"},"content":{"rendered":"<figure class=\"wp-block-image size-large\"><img loading=\"lazy\" decoding=\"async\" width=\"1365\" height=\"1024\" src=\"https:\/\/www.mrh-netz.de\/wp-content\/uploads\/IMG-20210419-WA0003-1365x1024.jpg\" alt=\"\" class=\"wp-image-1031\" srcset=\"https:\/\/mrh-netz.de\/wp-content\/uploads\/IMG-20210419-WA0003-1365x1024.jpg 1365w, https:\/\/mrh-netz.de\/wp-content\/uploads\/IMG-20210419-WA0003-300x225.jpg 300w, https:\/\/mrh-netz.de\/wp-content\/uploads\/IMG-20210419-WA0003-1536x1152.jpg 1536w, https:\/\/mrh-netz.de\/wp-content\/uploads\/IMG-20210419-WA0003-16x12.jpg 16w, https:\/\/mrh-netz.de\/wp-content\/uploads\/IMG-20210419-WA0003.jpg 1600w\" sizes=\"auto, (max-width: 1365px) 100vw, 1365px\" \/><figcaption class=\"wp-element-caption\">Werkbank mit Werkzeugen und 3Ddrucker<\/figcaption><\/figure>\n\n\n\n<p>Euch fehlt Hammer, S\u00e4ge, Schraubenzieher oder sonstiges Werkzeug? Oder sucht ihr einfach einen Platz f\u00fcr eure kreativen Projekte? Im Kreativraum k\u00f6nnt ihr gegen eine Kaution Werkzeug ausleihen und, falls ein gr\u00f6\u00dferes Projekt ansteht, auch den ganzen Raum nutzen.<\/p>\n\n\n\n<p>You need a hammer, saw, screwdriver or other tools? Or are you simply looking for a place for your creative projects? In the creative room you can borrow tools for a deposit and, if you have larger projects, also use the whole room.<\/p>\n\n\n\n<p>Contact: <a rel=\"noreferrer noopener\" href=\"mailto:kreativraum@mrh-netz.de\" target=\"_blank\">kreativraum@mrh-netz.de<\/a><\/p>\n\n\n\n<figure class=\"wp-block-image size-full\"><img loading=\"lazy\" decoding=\"async\" width=\"1129\" height=\"542\" src=\"https:\/\/www.mrh-netz.de\/wp-content\/uploads\/EmbeddedImage-2-Kopie.jpg\" alt=\"\" class=\"wp-image-1032\" srcset=\"https:\/\/mrh-netz.de\/wp-content\/uploads\/EmbeddedImage-2-Kopie.jpg 1129w, https:\/\/mrh-netz.de\/wp-content\/uploads\/EmbeddedImage-2-Kopie-300x144.jpg 300w, https:\/\/mrh-netz.de\/wp-content\/uploads\/EmbeddedImage-2-Kopie-18x9.jpg 18w\" sizes=\"auto, (max-width: 1129px) 100vw, 1129px\" \/><\/figure>\n\n\n\n<div class=\"wp-block-columns is-layout-flex wp-container-core-columns-is-layout-28f84493 wp-block-columns-is-layout-flex\">\n<div class=\"wp-block-column is-layout-flow wp-block-column-is-layout-flow\">\n<figure class=\"wp-block-image size-large\"><img loading=\"lazy\" decoding=\"async\" width=\"768\" height=\"1024\" src=\"https:\/\/www.mrh-netz.de\/wp-content\/uploads\/5314598180408637357_121-1-768x1024.jpg\" alt=\"\" class=\"wp-image-1035\" srcset=\"https:\/\/mrh-netz.de\/wp-content\/uploads\/5314598180408637357_121-1-768x1024.jpg 768w, https:\/\/mrh-netz.de\/wp-content\/uploads\/5314598180408637357_121-1-225x300.jpg 225w, https:\/\/mrh-netz.de\/wp-content\/uploads\/5314598180408637357_121-1-9x12.jpg 9w, https:\/\/mrh-netz.de\/wp-content\/uploads\/5314598180408637357_121-1.jpg 960w\" sizes=\"auto, (max-width: 768px) 100vw, 768px\" \/><figcaption class=\"wp-element-caption\">Multi-Akku Bohren Schleifen S\u00e4gen<\/figcaption><\/figure>\n<\/div>\n\n\n\n<div class=\"wp-block-column is-vertically-aligned-bottom is-layout-flow wp-block-column-is-layout-flow\">\n<figure class=\"wp-block-image aligncenter size-large\"><img loading=\"lazy\" decoding=\"async\" width=\"841\" height=\"1024\" src=\"https:\/\/www.mrh-netz.de\/wp-content\/uploads\/EmbeddedImage-2-841x1024.jpg\" alt=\"\" class=\"wp-image-1038\" srcset=\"https:\/\/mrh-netz.de\/wp-content\/uploads\/EmbeddedImage-2-841x1024.jpg 841w, https:\/\/mrh-netz.de\/wp-content\/uploads\/EmbeddedImage-2-246x300.jpg 246w, https:\/\/mrh-netz.de\/wp-content\/uploads\/EmbeddedImage-2-10x12.jpg 10w, https:\/\/mrh-netz.de\/wp-content\/uploads\/EmbeddedImage-2.jpg 971w\" sizes=\"auto, (max-width: 841px) 100vw, 841px\" \/><figcaption class=\"wp-element-caption\">Lager mit Holz<\/figcaption><\/figure>\n<\/div>\n<\/div>","protected":false},"excerpt":{"rendered":"<p>Euch fehlt Hammer, S\u00e4ge, Schraubenzieher oder sonstiges Werkzeug? Oder sucht ihr einfach einen Platz f\u00fcr eure kreativen Projekte? Im Kreativraum k\u00f6nnt ihr gegen eine Kaution Werkzeug ausleihen und, falls ein gr\u00f6\u00dferes Projekt ansteht, auch den ganzen Raum nutzen. You need a hammer, saw, screwdriver or other tools? Or are you simply looking for a place [&hellip;]<\/p>\n","protected":false},"author":25,"featured_media":0,"parent":11,"menu_order":0,"comment_status":"closed","ping_status":"closed","template":"","meta":{"footnotes":""},"class_list":["post-1030","page","type-page","status-publish","hentry"],"post_mailing_queue_ids":[],"_links":{"self":[{"href":"https:\/\/mrh-netz.de\/en\/wp-json\/wp\/v2\/pages\/1030","targetHints":{"allow":["GET"]}}],"collection":[{"href":"https:\/\/mrh-netz.de\/en\/wp-json\/wp\/v2\/pages"}],"about":[{"href":"https:\/\/mrh-netz.de\/en\/wp-json\/wp\/v2\/types\/page"}],"author":[{"embeddable":true,"href":"https:\/\/mrh-netz.de\/en\/wp-json\/wp\/v2\/users\/25"}],"replies":[{"embeddable":true,"href":"https:\/\/mrh-netz.de\/en\/wp-json\/wp\/v2\/comments?post=1030"}],"version-history":[{"count":2,"href":"https:\/\/mrh-netz.de\/en\/wp-json\/wp\/v2\/pages\/1030\/revisions"}],"predecessor-version":[{"id":1040,"href":"https:\/\/mrh-netz.de\/en\/wp-json\/wp\/v2\/pages\/1030\/revisions\/1040"}],"up":[{"embeddable":true,"href":"https:\/\/mrh-netz.de\/en\/wp-json\/wp\/v2\/pages\/11"}],"wp:attachment":[{"href":"https:\/\/mrh-netz.de\/en\/wp-json\/wp\/v2\/media?parent=1030"}],"curies":[{"name":"wp","href":"https:\/\/api.w.org\/{rel}","templated":true}]}}